{"id":1745,"date":"2024-08-07T20:51:33","date_gmt":"2024-08-07T18:51:33","guid":{"rendered":"https:\/\/postav-dom.sk\/?page_id=1745"},"modified":"2024-08-07T20:54:04","modified_gmt":"2024-08-07T18:54:04","slug":"gdpr-dokument-pre-webove-stranky-spolocnosti-mjk-stavreal-s-r-o-a-mjk-montage-s-r-o","status":"publish","type":"page","link":"https:\/\/postav-dom.sk\/?page_id=1745","title":{"rendered":"Z\u00e1sady ochrany osobn\u00fdch \u00fadajov"},"content":{"rendered":"\n<hr class=\"wp-block-separator has-alpha-channel-opacity\"\/>\n\n\n\n<h4 class=\"wp-block-heading\">GDPR Dokument pre webov\u00e9 str\u00e1nky spolo\u010dnost\u00ed MJK Stavreal s.r.o. a MJK MONTAGE s.r.o.<br><br>1. \u00davod<\/h4>\n\n\n\n<p>Tento dokument popisuje z\u00e1sady ochrany osobn\u00fdch \u00fadajov pre webov\u00e9 str\u00e1nky spolo\u010dnost\u00ed MJK Stavreal s.r.o. (s\u00eddlo: Duklianska 36, 052 01 Spi\u0161sk\u00e1 Nov\u00e1 Ves) a MJK MONTAGE s.r.o. (s\u00eddlo: Torysky 114, 053 72 Torysky). Obe spolo\u010dnosti si uvedomuj\u00fa d\u00f4le\u017eitos\u0165 ochrany osobn\u00fdch \u00fadajov a zav\u00e4zuj\u00fa sa dodr\u017eiava\u0165 platn\u00e9 pr\u00e1vne predpisy na ochranu osobn\u00fdch \u00fadajov, najm\u00e4 nariadenie Eur\u00f3pskeho parlamentu a Rady (E\u00da) 2016\/679 (GDPR).<\/p>\n\n\n\n<h4 class=\"wp-block-heading\">2. Zodpovedn\u00e1 osoba<\/h4>\n\n\n\n<p>Spolo\u010dnosti MJK Stavreal s.r.o. a MJK MONTAGE s.r.o. nemaj\u00fa povinnos\u0165 ur\u010di\u0165 zodpovedn\u00fa osobu pre ochranu osobn\u00fdch \u00fadajov (DPO). V pr\u00edpade ot\u00e1zok alebo \u017eiadost\u00ed t\u00fdkaj\u00facich sa ochrany osobn\u00fdch \u00fadajov sa m\u00f4\u017eete obr\u00e1ti\u0165 na nasleduj\u00face kontakty:<\/p>\n\n\n\n<ul class=\"wp-block-list\">\n<li>Email: <a href=\"mailto:mjk@stavreal.sk\">mjk@stavreal.sk<\/a>, <a href=\"mailto:mjk@montage.sk\">mjk@montage.sk<\/a><\/li>\n\n\n\n<li>Telef\u00f3n: <a href=\"tel:+421903381158\">+421 903 381 158<\/a><\/li>\n<\/ul>\n\n\n\n<h4 class=\"wp-block-heading\">3. Typy zhroma\u017e\u010fovan\u00fdch osobn\u00fdch \u00fadajov<\/h4>\n\n\n\n<p>Pri n\u00e1v\u0161teve na\u0161ich webov\u00fdch str\u00e1nok m\u00f4\u017eeme zhroma\u017e\u010fova\u0165 a sprac\u00fava\u0165 nasleduj\u00face typy osobn\u00fdch \u00fadajov:<\/p>\n\n\n\n<ul class=\"wp-block-list\">\n<li>Identifika\u010dn\u00e9 \u00fadaje (meno, priezvisko, titul, d\u00e1tum narodenia)<\/li>\n\n\n\n<li>Kontaktn\u00e9 \u00fadaje (adresa, telef\u00f3nne \u010d\u00edslo, emailov\u00e1 adresa)<\/li>\n\n\n\n<li>\u00dadaje o zamestnan\u00ed (pracovn\u00e1 poz\u00edcia, pracovn\u00e9 zmluvy)<\/li>\n\n\n\n<li>Finan\u010dn\u00e9 \u00fadaje (\u010d\u00edslo bankov\u00e9ho \u00fa\u010dtu, platobn\u00e9 \u00fadaje)<\/li>\n\n\n\n<li>Technick\u00e9 \u00fadaje (IP adresa, cookies, \u00fadaje o zariaden\u00ed, \u00fadaje o prehliada\u010di)<\/li>\n<\/ul>\n\n\n\n<h4 class=\"wp-block-heading\">4. \u00da\u010del spracovania osobn\u00fdch \u00fadajov<\/h4>\n\n\n\n<p>Osobn\u00e9 \u00fadaje z\u00edskan\u00e9 prostredn\u00edctvom na\u0161ich webov\u00fdch str\u00e1nok s\u00fa sprac\u00favan\u00e9 na nasleduj\u00face \u00fa\u010dely:<\/p>\n\n\n\n<ul class=\"wp-block-list\">\n<li>Plnenie zmluvn\u00fdch povinnost\u00ed a poskytovanie na\u0161ich slu\u017eieb<\/li>\n\n\n\n<li>Plnenie z\u00e1konn\u00fdch povinnost\u00ed<\/li>\n\n\n\n<li>Komunik\u00e1cia so z\u00e1kazn\u00edkmi a dod\u00e1vate\u013emi<\/li>\n\n\n\n<li>Marketingov\u00e9 \u00fa\u010dely (so s\u00fahlasom dotknutej osoby)<\/li>\n\n\n\n<li>Anal\u00fdza a zlep\u0161ovanie kvality na\u0161ich webov\u00fdch str\u00e1nok a slu\u017eieb<\/li>\n<\/ul>\n\n\n\n<h4 class=\"wp-block-heading\">5. Pr\u00e1vny z\u00e1klad spracovania<\/h4>\n\n\n\n<p>Osobn\u00e9 \u00fadaje s\u00fa sprac\u00favan\u00e9 na z\u00e1klade nasleduj\u00facich pr\u00e1vnych d\u00f4vodov:<\/p>\n\n\n\n<ul class=\"wp-block-list\">\n<li>Plnenie zmluvy (\u010dl\u00e1nok 6 ods. 1 p\u00edsm. b) GDPR)<\/li>\n\n\n\n<li>Plnenie z\u00e1konn\u00fdch povinnost\u00ed (\u010dl\u00e1nok 6 ods. 1 p\u00edsm. c) GDPR)<\/li>\n\n\n\n<li>Opr\u00e1vnen\u00e9 z\u00e1ujmy prev\u00e1dzkovate\u013ea (\u010dl\u00e1nok 6 ods. 1 p\u00edsm. f) GDPR)<\/li>\n\n\n\n<li>S\u00fahlas dotknutej osoby (\u010dl\u00e1nok 6 ods. 1 p\u00edsm. a) GDPR)<\/li>\n<\/ul>\n\n\n\n<h4 class=\"wp-block-heading\">6. Cookies<\/h4>\n\n\n\n<p>Na\u0161e webov\u00e9 str\u00e1nky pou\u017e\u00edvaj\u00fa cookies na zhroma\u017e\u010fovanie a ukladanie inform\u00e1ci\u00ed. Cookies s\u00fa mal\u00e9 textov\u00e9 s\u00fabory, ktor\u00e9 s\u00fa ukladan\u00e9 na va\u0161om zariaden\u00ed pri n\u00e1v\u0161teve na\u0161ich str\u00e1nok. Pou\u017e\u00edvame nasleduj\u00face typy cookies:<\/p>\n\n\n\n<ul class=\"wp-block-list\">\n<li>Nevyhnutn\u00e9 cookies: Tieto cookies s\u00fa potrebn\u00e9 pre spr\u00e1vne fungovanie na\u0161ich webov\u00fdch str\u00e1nok.<\/li>\n\n\n\n<li>Analytick\u00e9 cookies: Tieto cookies n\u00e1m pom\u00e1haj\u00fa pochopi\u0165, ako pou\u017e\u00edvatelia interaguj\u00fa s na\u0161imi str\u00e1nkami.<\/li>\n\n\n\n<li>Marketingov\u00e9 cookies: Tieto cookies pou\u017e\u00edvame na zobrazovanie relevantnej reklamy a sledovanie \u00fa\u010dinnosti na\u0161ich marketingov\u00fdch kampan\u00ed.<\/li>\n<\/ul>\n\n\n\n<h4 class=\"wp-block-heading\">7. Pr\u00e1va dotknut\u00fdch os\u00f4b<\/h4>\n\n\n\n<p>Ako dotknut\u00e1 osoba m\u00e1te nasleduj\u00face pr\u00e1va:<\/p>\n\n\n\n<ul class=\"wp-block-list\">\n<li>Pr\u00e1vo na pr\u00edstup k osobn\u00fdm \u00fadajom<\/li>\n\n\n\n<li>Pr\u00e1vo na opravu osobn\u00fdch \u00fadajov<\/li>\n\n\n\n<li>Pr\u00e1vo na vymazanie osobn\u00fdch \u00fadajov (pr\u00e1vo na zabudnutie)<\/li>\n\n\n\n<li>Pr\u00e1vo na obmedzenie spracovania<\/li>\n\n\n\n<li>Pr\u00e1vo na prenosnos\u0165 \u00fadajov<\/li>\n\n\n\n<li>Pr\u00e1vo namieta\u0165 proti spracovaniu<\/li>\n\n\n\n<li>Pr\u00e1vo odvola\u0165 s\u00fahlas so spracovan\u00edm osobn\u00fdch \u00fadajov<\/li>\n<\/ul>\n\n\n\n<h4 class=\"wp-block-heading\">8. Bezpe\u010dnos\u0165 osobn\u00fdch \u00fadajov<\/h4>\n\n\n\n<p>Zav\u00e4zujeme sa zabezpe\u010di\u0165 bezpe\u010dnos\u0165 va\u0161ich osobn\u00fdch \u00fadajov prostredn\u00edctvom primeran\u00fdch technick\u00fdch a organiza\u010dn\u00fdch opatren\u00ed, aby sme zabr\u00e1nili neopr\u00e1vnen\u00e9mu pr\u00edstupu, zverejneniu, zmene alebo zni\u010deniu osobn\u00fdch \u00fadajov.<\/p>\n\n\n\n<h4 class=\"wp-block-heading\">9. Zmeny v tomto dokumente<\/h4>\n\n\n\n<p>Tento dokument m\u00f4\u017ee by\u0165 \u010das od \u010dasu aktualizovan\u00fd. Ak\u00e9ko\u013evek zmeny bud\u00fa zverejnen\u00e9 na tejto str\u00e1nke. Odpor\u00fa\u010dame pravidelne sledova\u0165 t\u00fato str\u00e1nku, aby ste boli informovan\u00ed o pr\u00edpadn\u00fdch zmen\u00e1ch.<\/p>\n\n\n\n<hr class=\"wp-block-separator has-alpha-channel-opacity\"\/>\n\n\n\n<p>Pre ak\u00e9ko\u013evek \u010fal\u0161ie ot\u00e1zky alebo \u017eiadosti t\u00fdkaj\u00face sa ochrany osobn\u00fdch \u00fadajov n\u00e1s, pros\u00edm, kontaktujte na <a href=\"mailto:mjk@stavreal.sk\">mjk@stavreal.sk<\/a>, <a href=\"mailto:mjk@montage.sk\">mjk@montage.sk<\/a> alebo telefonicky na <a href=\"tel:+421903381158\">+421 903 381 158<\/a>.<\/p>\n","protected":false},"excerpt":{"rendered":"<p>GDPR Dokument pre webov\u00e9 str\u00e1nky spolo\u010dnost\u00ed MJK Stavreal s.r.o. a MJK MONTAGE s.r.o. 1. \u00davod Tento dokument popisuje z\u00e1sady ochrany osobn\u00fdch \u00fadajov pre webov\u00e9 str\u00e1nky spolo\u010dnost\u00ed MJK Stavreal s.r.o. (s\u00eddlo: Duklianska 36, 052 01 Spi\u0161sk\u00e1 Nov\u00e1 Ves) a MJK MONTAGE s.r.o. (s\u00eddlo: Torysky 114, 053 72 Torysky). Obe spolo\u010dnosti si uvedomuj\u00fa d\u00f4le\u017eitos\u0165 ochrany osobn\u00fdch \u00fadajov&hellip;<\/p>\n","protected":false},"author":3,"featured_media":0,"parent":0,"menu_order":0,"comment_status":"closed","ping_status":"closed","template":"","meta":{"inline_featured_image":false,"footnotes":""},"class_list":["post-1745","page","type-page","status-publish","hentry","description-off"],"yoast_head":"<!-- This site is optimized with the Yoast SEO plugin v26.8 - https:\/\/yoast.com\/product\/yoast-seo-wordpress\/ -->\n<title>Z\u00e1sady ochrany osobn\u00fdch \u00fadajov - MJK stavby domov na k\u013e\u00fa\u010d<\/title>\n<meta name=\"robots\" content=\"index, follow, max-snippet:-1, max-image-preview:large, max-video-preview:-1\" \/>\n<link rel=\"canonical\" href=\"https:\/\/postav-dom.sk\/?page_id=1745\" \/>\n<meta property=\"og:locale\" content=\"sk_SK\" \/>\n<meta property=\"og:type\" content=\"article\" \/>\n<meta property=\"og:title\" content=\"Z\u00e1sady ochrany osobn\u00fdch \u00fadajov - MJK stavby domov na k\u013e\u00fa\u010d\" \/>\n<meta property=\"og:description\" content=\"GDPR Dokument pre webov\u00e9 str\u00e1nky spolo\u010dnost\u00ed MJK Stavreal s.r.o. a MJK MONTAGE s.r.o. 1. \u00davod Tento dokument popisuje z\u00e1sady ochrany osobn\u00fdch \u00fadajov pre webov\u00e9 str\u00e1nky spolo\u010dnost\u00ed MJK Stavreal s.r.o. (s\u00eddlo: Duklianska 36, 052 01 Spi\u0161sk\u00e1 Nov\u00e1 Ves) a MJK MONTAGE s.r.o. (s\u00eddlo: Torysky 114, 053 72 Torysky). Obe spolo\u010dnosti si uvedomuj\u00fa d\u00f4le\u017eitos\u0165 ochrany osobn\u00fdch \u00fadajov&hellip;\" \/>\n<meta property=\"og:url\" content=\"https:\/\/postav-dom.sk\/?page_id=1745\" \/>\n<meta property=\"og:site_name\" content=\"MJK stavby domov na k\u013e\u00fa\u010d\" \/>\n<meta property=\"article:modified_time\" content=\"2024-08-07T18:54:04+00:00\" \/>\n<meta name=\"twitter:card\" content=\"summary_large_image\" \/>\n<meta name=\"twitter:label1\" content=\"Predpokladan\u00fd \u010das \u010d\u00edtania\" \/>\n\t<meta name=\"twitter:data1\" content=\"3 min\u00faty\" \/>\n<script type=\"application\/ld+json\" class=\"yoast-schema-graph\">{\"@context\":\"https:\/\/schema.org\",\"@graph\":[{\"@type\":\"WebPage\",\"@id\":\"https:\/\/postav-dom.sk\/?page_id=1745\",\"url\":\"https:\/\/postav-dom.sk\/?page_id=1745\",\"name\":\"Z\u00e1sady ochrany osobn\u00fdch \u00fadajov - MJK stavby domov na k\u013e\u00fa\u010d\",\"isPartOf\":{\"@id\":\"https:\/\/postav-dom.sk\/#website\"},\"datePublished\":\"2024-08-07T18:51:33+00:00\",\"dateModified\":\"2024-08-07T18:54:04+00:00\",\"breadcrumb\":{\"@id\":\"https:\/\/postav-dom.sk\/?page_id=1745#breadcrumb\"},\"inLanguage\":\"sk-SK\",\"potentialAction\":[{\"@type\":\"ReadAction\",\"target\":[\"https:\/\/postav-dom.sk\/?page_id=1745\"]}]},{\"@type\":\"BreadcrumbList\",\"@id\":\"https:\/\/postav-dom.sk\/?page_id=1745#breadcrumb\",\"itemListElement\":[{\"@type\":\"ListItem\",\"position\":1,\"name\":\"Domovsk\u00e1 str\u00e1nka\",\"item\":\"https:\/\/postav-dom.sk\/\"},{\"@type\":\"ListItem\",\"position\":2,\"name\":\"Z\u00e1sady ochrany osobn\u00fdch \u00fadajov\"}]},{\"@type\":\"WebSite\",\"@id\":\"https:\/\/postav-dom.sk\/#website\",\"url\":\"https:\/\/postav-dom.sk\/\",\"name\":\"MJK stavby domov na k\u013e\u00fa\u010d\",\"description\":\"Len \u010fal\u0161ia WordPress str\u00e1nka\",\"potentialAction\":[{\"@type\":\"SearchAction\",\"target\":{\"@type\":\"EntryPoint\",\"urlTemplate\":\"https:\/\/postav-dom.sk\/?s={search_term_string}\"},\"query-input\":{\"@type\":\"PropertyValueSpecification\",\"valueRequired\":true,\"valueName\":\"search_term_string\"}}],\"inLanguage\":\"sk-SK\"}]}<\/script>\n<!-- \/ Yoast SEO plugin. -->","yoast_head_json":{"title":"Z\u00e1sady ochrany osobn\u00fdch \u00fadajov - MJK stavby domov na k\u013e\u00fa\u010d","robots":{"index":"index","follow":"follow","max-snippet":"max-snippet:-1","max-image-preview":"max-image-preview:large","max-video-preview":"max-video-preview:-1"},"canonical":"https:\/\/postav-dom.sk\/?page_id=1745","og_locale":"sk_SK","og_type":"article","og_title":"Z\u00e1sady ochrany osobn\u00fdch \u00fadajov - MJK stavby domov na k\u013e\u00fa\u010d","og_description":"GDPR Dokument pre webov\u00e9 str\u00e1nky spolo\u010dnost\u00ed MJK Stavreal s.r.o. a MJK MONTAGE s.r.o. 1. \u00davod Tento dokument popisuje z\u00e1sady ochrany osobn\u00fdch \u00fadajov pre webov\u00e9 str\u00e1nky spolo\u010dnost\u00ed MJK Stavreal s.r.o. (s\u00eddlo: Duklianska 36, 052 01 Spi\u0161sk\u00e1 Nov\u00e1 Ves) a MJK MONTAGE s.r.o. (s\u00eddlo: Torysky 114, 053 72 Torysky). Obe spolo\u010dnosti si uvedomuj\u00fa d\u00f4le\u017eitos\u0165 ochrany osobn\u00fdch \u00fadajov&hellip;","og_url":"https:\/\/postav-dom.sk\/?page_id=1745","og_site_name":"MJK stavby domov na k\u013e\u00fa\u010d","article_modified_time":"2024-08-07T18:54:04+00:00","twitter_card":"summary_large_image","twitter_misc":{"Predpokladan\u00fd \u010das \u010d\u00edtania":"3 min\u00faty"},"schema":{"@context":"https:\/\/schema.org","@graph":[{"@type":"WebPage","@id":"https:\/\/postav-dom.sk\/?page_id=1745","url":"https:\/\/postav-dom.sk\/?page_id=1745","name":"Z\u00e1sady ochrany osobn\u00fdch \u00fadajov - MJK stavby domov na k\u013e\u00fa\u010d","isPartOf":{"@id":"https:\/\/postav-dom.sk\/#website"},"datePublished":"2024-08-07T18:51:33+00:00","dateModified":"2024-08-07T18:54:04+00:00","breadcrumb":{"@id":"https:\/\/postav-dom.sk\/?page_id=1745#breadcrumb"},"inLanguage":"sk-SK","potentialAction":[{"@type":"ReadAction","target":["https:\/\/postav-dom.sk\/?page_id=1745"]}]},{"@type":"BreadcrumbList","@id":"https:\/\/postav-dom.sk\/?page_id=1745#breadcrumb","itemListElement":[{"@type":"ListItem","position":1,"name":"Domovsk\u00e1 str\u00e1nka","item":"https:\/\/postav-dom.sk\/"},{"@type":"ListItem","position":2,"name":"Z\u00e1sady ochrany osobn\u00fdch \u00fadajov"}]},{"@type":"WebSite","@id":"https:\/\/postav-dom.sk\/#website","url":"https:\/\/postav-dom.sk\/","name":"MJK stavby domov na k\u013e\u00fa\u010d","description":"Len \u010fal\u0161ia WordPress str\u00e1nka","potentialAction":[{"@type":"SearchAction","target":{"@type":"EntryPoint","urlTemplate":"https:\/\/postav-dom.sk\/?s={search_term_string}"},"query-input":{"@type":"PropertyValueSpecification","valueRequired":true,"valueName":"search_term_string"}}],"inLanguage":"sk-SK"}]}},"_links":{"self":[{"href":"https:\/\/postav-dom.sk\/index.php?rest_route=\/wp\/v2\/pages\/1745","targetHints":{"allow":["GET"]}}],"collection":[{"href":"https:\/\/postav-dom.sk\/index.php?rest_route=\/wp\/v2\/pages"}],"about":[{"href":"https:\/\/postav-dom.sk\/index.php?rest_route=\/wp\/v2\/types\/page"}],"author":[{"embeddable":true,"href":"https:\/\/postav-dom.sk\/index.php?rest_route=\/wp\/v2\/users\/3"}],"replies":[{"embeddable":true,"href":"https:\/\/postav-dom.sk\/index.php?rest_route=%2Fwp%2Fv2%2Fcomments&post=1745"}],"version-history":[{"count":2,"href":"https:\/\/postav-dom.sk\/index.php?rest_route=\/wp\/v2\/pages\/1745\/revisions"}],"predecessor-version":[{"id":1747,"href":"https:\/\/postav-dom.sk\/index.php?rest_route=\/wp\/v2\/pages\/1745\/revisions\/1747"}],"wp:attachment":[{"href":"https:\/\/postav-dom.sk\/index.php?rest_route=%2Fwp%2Fv2%2Fmedia&parent=1745"}],"curies":[{"name":"wp","href":"https:\/\/api.w.org\/{rel}","templated":true}]}}